{"id":5,"date":"2018-09-12T11:14:23","date_gmt":"2018-09-12T11:14:23","guid":{"rendered":"https:\/\/dafabet-partnership.com\/pt\/?page_id=5"},"modified":"2020-07-26T14:50:12","modified_gmt":"2020-07-26T14:50:12","slug":"home","status":"publish","type":"page","link":"https:\/\/dafabet-partnership.com\/pt\/","title":{"rendered":"Parceiros Dafabet: Unidos pela mesma Paix\u00e3o"},"content":{"rendered":"","protected":false},"excerpt":{"rendered":"","protected":false},"author":3,"featured_media":0,"parent":0,"menu_order":11,"comment_status":"closed","ping_status":"closed","template":"page-home.php","meta":{"_acf_changed":false,"footnotes":""},"class_list":["post-5","page","type-page","status-publish","hentry"],"acf":[],"yoast_head":"<!-- This site is optimized with the Yoast SEO plugin v27.4 - https:\/\/yoast.com\/product\/yoast-seo-wordpress\/ -->\n<title>Parceiros Dafabet: Unidos pela mesma Paix\u00e3o  Apostas Online<\/title>\n<meta name=\"description\" content=\"Dafabet, l\u00edder em apostas online mundial, agora com mais parceiros globais. Conhe\u00e7a agora nosso time de elite! Unidos pela mesma paix\u00e3o.\" \/>\n<meta name=\"robots\" content=\"index, follow, max-snippet:-1, max-image-preview:large, max-video-preview:-1\" \/>\n<link rel=\"canonical\" href=\"http:\/\/dafabet-partnership.com\/pt\/\" \/>\n<meta property=\"og:locale\" content=\"en_US\" \/>\n<meta property=\"og:type\" content=\"article\" \/>\n<meta property=\"og:title\" content=\"Parceiros Dafabet: Unidos pela mesma Paix\u00e3o  Apostas Online\" \/>\n<meta property=\"og:description\" content=\"Dafabet, l\u00edder em apostas online mundial, agora com mais parceiros globais. Conhe\u00e7a agora nosso time de elite! Unidos pela mesma paix\u00e3o.\" \/>\n<meta property=\"og:url\" content=\"http:\/\/dafabet-partnership.com\/pt\/\" \/>\n<meta property=\"article:modified_time\" content=\"2020-07-26T14:50:12+00:00\" \/>\n<meta name=\"twitter:card\" content=\"summary_large_image\" \/>\n<script type=\"application\/ld+json\" class=\"yoast-schema-graph\">{\"@context\":\"https:\\\/\\\/schema.org\",\"@graph\":[{\"@type\":\"WebPage\",\"@id\":\"http:\\\/\\\/dafabet-partnership.com\\\/pt\\\/\",\"url\":\"http:\\\/\\\/dafabet-partnership.com\\\/pt\\\/\",\"name\":\"Parceiros Dafabet: Unidos pela mesma Paix\u00e3o Apostas Online\",\"isPartOf\":{\"@id\":\"http:\\\/\\\/dafabet-partnership.com\\\/pt\\\/#website\"},\"datePublished\":\"2018-09-12T11:14:23+00:00\",\"dateModified\":\"2020-07-26T14:50:12+00:00\",\"description\":\"Dafabet, l\u00edder em apostas online mundial, agora com mais parceiros globais. Conhe\u00e7a agora nosso time de elite! Unidos pela mesma paix\u00e3o.\",\"breadcrumb\":{\"@id\":\"http:\\\/\\\/dafabet-partnership.com\\\/pt\\\/#breadcrumb\"},\"inLanguage\":\"en-US\",\"potentialAction\":[{\"@type\":\"ReadAction\",\"target\":[\"http:\\\/\\\/dafabet-partnership.com\\\/pt\\\/\"]}]},{\"@type\":\"BreadcrumbList\",\"@id\":\"http:\\\/\\\/dafabet-partnership.com\\\/pt\\\/#breadcrumb\",\"itemListElement\":[{\"@type\":\"ListItem\",\"position\":1,\"name\":\"Home\",\"item\":\"http:\\\/\\\/dafabet-partnership.com\\\/pt\\\/\"},{\"@type\":\"ListItem\",\"position\":2,\"name\":\"Parceiros Dafabet: Unidos pela mesma Paix\u00e3o\"}]},{\"@type\":\"WebSite\",\"@id\":\"http:\\\/\\\/dafabet-partnership.com\\\/pt\\\/#website\",\"url\":\"http:\\\/\\\/dafabet-partnership.com\\\/pt\\\/\",\"name\":\"\",\"description\":\"Dafabet Partnership\",\"potentialAction\":[{\"@type\":\"SearchAction\",\"target\":{\"@type\":\"EntryPoint\",\"urlTemplate\":\"http:\\\/\\\/dafabet-partnership.com\\\/pt\\\/?s={search_term_string}\"},\"query-input\":{\"@type\":\"PropertyValueSpecification\",\"valueRequired\":true,\"valueName\":\"search_term_string\"}}],\"inLanguage\":\"en-US\"}]}<\/script>\n<!-- \/ Yoast SEO plugin. -->","yoast_head_json":{"title":"Parceiros Dafabet: Unidos pela mesma Paix\u00e3o  Apostas Online","description":"Dafabet, l\u00edder em apostas online mundial, agora com mais parceiros globais. Conhe\u00e7a agora nosso time de elite! Unidos pela mesma paix\u00e3o.","robots":{"index":"index","follow":"follow","max-snippet":"max-snippet:-1","max-image-preview":"max-image-preview:large","max-video-preview":"max-video-preview:-1"},"canonical":"http:\/\/dafabet-partnership.com\/pt\/","og_locale":"en_US","og_type":"article","og_title":"Parceiros Dafabet: Unidos pela mesma Paix\u00e3o  Apostas Online","og_description":"Dafabet, l\u00edder em apostas online mundial, agora com mais parceiros globais. Conhe\u00e7a agora nosso time de elite! Unidos pela mesma paix\u00e3o.","og_url":"http:\/\/dafabet-partnership.com\/pt\/","article_modified_time":"2020-07-26T14:50:12+00:00","twitter_card":"summary_large_image","schema":{"@context":"https:\/\/schema.org","@graph":[{"@type":"WebPage","@id":"http:\/\/dafabet-partnership.com\/pt\/","url":"http:\/\/dafabet-partnership.com\/pt\/","name":"Parceiros Dafabet: Unidos pela mesma Paix\u00e3o Apostas Online","isPartOf":{"@id":"http:\/\/dafabet-partnership.com\/pt\/#website"},"datePublished":"2018-09-12T11:14:23+00:00","dateModified":"2020-07-26T14:50:12+00:00","description":"Dafabet, l\u00edder em apostas online mundial, agora com mais parceiros globais. Conhe\u00e7a agora nosso time de elite! Unidos pela mesma paix\u00e3o.","breadcrumb":{"@id":"http:\/\/dafabet-partnership.com\/pt\/#breadcrumb"},"inLanguage":"en-US","potentialAction":[{"@type":"ReadAction","target":["http:\/\/dafabet-partnership.com\/pt\/"]}]},{"@type":"BreadcrumbList","@id":"http:\/\/dafabet-partnership.com\/pt\/#breadcrumb","itemListElement":[{"@type":"ListItem","position":1,"name":"Home","item":"http:\/\/dafabet-partnership.com\/pt\/"},{"@type":"ListItem","position":2,"name":"Parceiros Dafabet: Unidos pela mesma Paix\u00e3o"}]},{"@type":"WebSite","@id":"http:\/\/dafabet-partnership.com\/pt\/#website","url":"http:\/\/dafabet-partnership.com\/pt\/","name":"","description":"Dafabet Partnership","potentialAction":[{"@type":"SearchAction","target":{"@type":"EntryPoint","urlTemplate":"http:\/\/dafabet-partnership.com\/pt\/?s={search_term_string}"},"query-input":{"@type":"PropertyValueSpecification","valueRequired":true,"valueName":"search_term_string"}}],"inLanguage":"en-US"}]}},"_links":{"self":[{"href":"https:\/\/dafabet-partnership.com\/pt\/wp-json\/wp\/v2\/pages\/5","targetHints":{"allow":["GET"]}}],"collection":[{"href":"https:\/\/dafabet-partnership.com\/pt\/wp-json\/wp\/v2\/pages"}],"about":[{"href":"https:\/\/dafabet-partnership.com\/pt\/wp-json\/wp\/v2\/types\/page"}],"author":[{"embeddable":true,"href":"https:\/\/dafabet-partnership.com\/pt\/wp-json\/wp\/v2\/users\/3"}],"replies":[{"embeddable":true,"href":"https:\/\/dafabet-partnership.com\/pt\/wp-json\/wp\/v2\/comments?post=5"}],"version-history":[{"count":8,"href":"https:\/\/dafabet-partnership.com\/pt\/wp-json\/wp\/v2\/pages\/5\/revisions"}],"predecessor-version":[{"id":1050,"href":"https:\/\/dafabet-partnership.com\/pt\/wp-json\/wp\/v2\/pages\/5\/revisions\/1050"}],"wp:attachment":[{"href":"https:\/\/dafabet-partnership.com\/pt\/wp-json\/wp\/v2\/media?parent=5"}],"curies":[{"name":"wp","href":"https:\/\/api.w.org\/{rel}","templated":true}]}}