{"id":30,"date":"2018-09-18T05:10:11","date_gmt":"2018-09-18T05:10:11","guid":{"rendered":"https:\/\/dafabet-partnership.com\/pt\/?page_id=30"},"modified":"2025-09-17T05:47:55","modified_gmt":"2025-09-17T05:47:55","slug":"home-main-section","status":"publish","type":"page","link":"https:\/\/dafabet-partnership.com\/pt\/home-main-section\/","title":{"rendered":"P\u00e1gina Inicial"},"content":{"rendered":"","protected":false},"excerpt":{"rendered":"","protected":false},"author":3,"featured_media":0,"parent":0,"menu_order":1,"comment_status":"closed","ping_status":"closed","template":"","meta":{"_acf_changed":false,"footnotes":""},"class_list":["post-30","page","type-page","status-publish","hentry"],"acf":[],"yoast_head":"<!-- This site is optimized with the Yoast SEO plugin v27.4 - https:\/\/yoast.com\/product\/yoast-seo-wordpress\/ -->\n<title>Parceiros Dafabet L\u00edderes em Apostas Online! Conhe\u00e7a o time de Elite<\/title>\n<meta name=\"description\" content=\"Dafabet, l\u00edder em apostas online mundial, agora com mais parceiros globais. Conhe\u00e7a agora nosso time de elite! Unidos pela mesma paix\u00e3o.\" \/>\n<meta name=\"robots\" content=\"index, follow, max-snippet:-1, max-image-preview:large, max-video-preview:-1\" \/>\n<link rel=\"canonical\" href=\"https:\/\/dafabet-partnership.com\/pt\/home-main-section\/\" \/>\n<meta property=\"og:locale\" content=\"en_US\" \/>\n<meta property=\"og:type\" content=\"article\" \/>\n<meta property=\"og:title\" content=\"Parceiros Dafabet L\u00edderes em Apostas Online! Conhe\u00e7a o time de Elite\" \/>\n<meta property=\"og:description\" content=\"Dafabet, l\u00edder em apostas online mundial, agora com mais parceiros globais. Conhe\u00e7a agora nosso time de elite! Unidos pela mesma paix\u00e3o.\" \/>\n<meta property=\"og:url\" content=\"https:\/\/dafabet-partnership.com\/pt\/home-main-section\/\" \/>\n<meta property=\"article:modified_time\" content=\"2025-09-17T05:47:55+00:00\" \/>\n<meta name=\"twitter:card\" content=\"summary_large_image\" \/>\n<script type=\"application\/ld+json\" class=\"yoast-schema-graph\">{\"@context\":\"https:\\\/\\\/schema.org\",\"@graph\":[{\"@type\":\"WebPage\",\"@id\":\"https:\\\/\\\/dafabet-partnership.com\\\/pt\\\/home-main-section\\\/\",\"url\":\"https:\\\/\\\/dafabet-partnership.com\\\/pt\\\/home-main-section\\\/\",\"name\":\"Parceiros Dafabet L\u00edderes em Apostas Online! Conhe\u00e7a o time de Elite\",\"isPartOf\":{\"@id\":\"https:\\\/\\\/dafabet-partnership.com\\\/pt\\\/#website\"},\"datePublished\":\"2018-09-18T05:10:11+00:00\",\"dateModified\":\"2025-09-17T05:47:55+00:00\",\"description\":\"Dafabet, l\u00edder em apostas online mundial, agora com mais parceiros globais. Conhe\u00e7a agora nosso time de elite! Unidos pela mesma paix\u00e3o.\",\"breadcrumb\":{\"@id\":\"https:\\\/\\\/dafabet-partnership.com\\\/pt\\\/home-main-section\\\/#breadcrumb\"},\"inLanguage\":\"en-US\",\"potentialAction\":[{\"@type\":\"ReadAction\",\"target\":[\"https:\\\/\\\/dafabet-partnership.com\\\/pt\\\/home-main-section\\\/\"]}]},{\"@type\":\"BreadcrumbList\",\"@id\":\"https:\\\/\\\/dafabet-partnership.com\\\/pt\\\/home-main-section\\\/#breadcrumb\",\"itemListElement\":[{\"@type\":\"ListItem\",\"position\":1,\"name\":\"Home\",\"item\":\"https:\\\/\\\/dafabet-partnership.com\\\/pt\\\/\"},{\"@type\":\"ListItem\",\"position\":2,\"name\":\"P\u00e1gina Inicial\"}]},{\"@type\":\"WebSite\",\"@id\":\"https:\\\/\\\/dafabet-partnership.com\\\/pt\\\/#website\",\"url\":\"https:\\\/\\\/dafabet-partnership.com\\\/pt\\\/\",\"name\":\"\",\"description\":\"Dafabet Partnership\",\"potentialAction\":[{\"@type\":\"SearchAction\",\"target\":{\"@type\":\"EntryPoint\",\"urlTemplate\":\"https:\\\/\\\/dafabet-partnership.com\\\/pt\\\/?s={search_term_string}\"},\"query-input\":{\"@type\":\"PropertyValueSpecification\",\"valueRequired\":true,\"valueName\":\"search_term_string\"}}],\"inLanguage\":\"en-US\"}]}<\/script>\n<!-- \/ Yoast SEO plugin. -->","yoast_head_json":{"title":"Parceiros Dafabet L\u00edderes em Apostas Online! Conhe\u00e7a o time de Elite","description":"Dafabet, l\u00edder em apostas online mundial, agora com mais parceiros globais. Conhe\u00e7a agora nosso time de elite! Unidos pela mesma paix\u00e3o.","robots":{"index":"index","follow":"follow","max-snippet":"max-snippet:-1","max-image-preview":"max-image-preview:large","max-video-preview":"max-video-preview:-1"},"canonical":"https:\/\/dafabet-partnership.com\/pt\/home-main-section\/","og_locale":"en_US","og_type":"article","og_title":"Parceiros Dafabet L\u00edderes em Apostas Online! Conhe\u00e7a o time de Elite","og_description":"Dafabet, l\u00edder em apostas online mundial, agora com mais parceiros globais. Conhe\u00e7a agora nosso time de elite! Unidos pela mesma paix\u00e3o.","og_url":"https:\/\/dafabet-partnership.com\/pt\/home-main-section\/","article_modified_time":"2025-09-17T05:47:55+00:00","twitter_card":"summary_large_image","schema":{"@context":"https:\/\/schema.org","@graph":[{"@type":"WebPage","@id":"https:\/\/dafabet-partnership.com\/pt\/home-main-section\/","url":"https:\/\/dafabet-partnership.com\/pt\/home-main-section\/","name":"Parceiros Dafabet L\u00edderes em Apostas Online! Conhe\u00e7a o time de Elite","isPartOf":{"@id":"https:\/\/dafabet-partnership.com\/pt\/#website"},"datePublished":"2018-09-18T05:10:11+00:00","dateModified":"2025-09-17T05:47:55+00:00","description":"Dafabet, l\u00edder em apostas online mundial, agora com mais parceiros globais. Conhe\u00e7a agora nosso time de elite! Unidos pela mesma paix\u00e3o.","breadcrumb":{"@id":"https:\/\/dafabet-partnership.com\/pt\/home-main-section\/#breadcrumb"},"inLanguage":"en-US","potentialAction":[{"@type":"ReadAction","target":["https:\/\/dafabet-partnership.com\/pt\/home-main-section\/"]}]},{"@type":"BreadcrumbList","@id":"https:\/\/dafabet-partnership.com\/pt\/home-main-section\/#breadcrumb","itemListElement":[{"@type":"ListItem","position":1,"name":"Home","item":"https:\/\/dafabet-partnership.com\/pt\/"},{"@type":"ListItem","position":2,"name":"P\u00e1gina Inicial"}]},{"@type":"WebSite","@id":"https:\/\/dafabet-partnership.com\/pt\/#website","url":"https:\/\/dafabet-partnership.com\/pt\/","name":"","description":"Dafabet Partnership","potentialAction":[{"@type":"SearchAction","target":{"@type":"EntryPoint","urlTemplate":"https:\/\/dafabet-partnership.com\/pt\/?s={search_term_string}"},"query-input":{"@type":"PropertyValueSpecification","valueRequired":true,"valueName":"search_term_string"}}],"inLanguage":"en-US"}]}},"_links":{"self":[{"href":"https:\/\/dafabet-partnership.com\/pt\/wp-json\/wp\/v2\/pages\/30","targetHints":{"allow":["GET"]}}],"collection":[{"href":"https:\/\/dafabet-partnership.com\/pt\/wp-json\/wp\/v2\/pages"}],"about":[{"href":"https:\/\/dafabet-partnership.com\/pt\/wp-json\/wp\/v2\/types\/page"}],"author":[{"embeddable":true,"href":"https:\/\/dafabet-partnership.com\/pt\/wp-json\/wp\/v2\/users\/3"}],"replies":[{"embeddable":true,"href":"https:\/\/dafabet-partnership.com\/pt\/wp-json\/wp\/v2\/comments?post=30"}],"version-history":[{"count":58,"href":"https:\/\/dafabet-partnership.com\/pt\/wp-json\/wp\/v2\/pages\/30\/revisions"}],"predecessor-version":[{"id":1946,"href":"https:\/\/dafabet-partnership.com\/pt\/wp-json\/wp\/v2\/pages\/30\/revisions\/1946"}],"wp:attachment":[{"href":"https:\/\/dafabet-partnership.com\/pt\/wp-json\/wp\/v2\/media?parent=30"}],"curies":[{"name":"wp","href":"https:\/\/api.w.org\/{rel}","templated":true}]}}